{"id":3,"date":"2024-12-30T14:02:09","date_gmt":"2024-12-30T14:02:09","guid":{"rendered":"https:\/\/supporters.fr\/blog\/?page_id=3"},"modified":"2024-12-30T16:06:36","modified_gmt":"2024-12-30T15:06:36","slug":"confidentialite","status":"publish","type":"page","link":"https:\/\/supporters.fr\/blog\/confidentialite\/","title":{"rendered":"Confidentialit\u00e9"},"content":{"rendered":"<p><strong>Politique de Confidentialit\u00e9<\/strong><\/p>\n<p>La protection de vos donn\u00e9es personnelles est au c\u0153ur de nos pr\u00e9occupations. Cette page d\u00e9crit les informations que nous recueillons, l\u2019usage que nous en faisons et vos droits relatifs \u00e0 ces informations.<\/p>\n<h3>1. Qui sommes-nous ?<\/h3>\n<p>L\u2019adresse de notre site Web est : <a href=\"https:\/\/supporters.fr\/blog\" target=\"_new\" rel=\"noopener\">https:\/\/supporters.fr\/blog<\/a>.<\/p>\n<h3>2. Commentaires<\/h3>\n<p>Lorsque vous laissez un commentaire sur notre site, nous collectons les donn\u00e9es indiqu\u00e9es dans le formulaire de commentaire, ainsi que votre adresse IP et l\u2019agent utilisateur de votre navigateur. Ces informations nous aident \u00e0 d\u00e9tecter et pr\u00e9venir les commentaires ind\u00e9sirables (spam).<\/p>\n<p>Une cha\u00eene anonymis\u00e9e (hash) cr\u00e9\u00e9e \u00e0 partir de votre adresse e-mail peut \u00eatre transmise au service Gravatar afin de v\u00e9rifier si vous utilisez ce dernier. Vous trouverez la politique de confidentialit\u00e9 de Gravatar ici : <a href=\"https:\/\/automattic.com\/privacy\/\" target=\"_new\" rel=\"nofollow noopener\">https:\/\/automattic.com\/privacy\/<\/a>. Une fois votre commentaire approuv\u00e9, votre photo de profil (si vous en avez une) est visible publiquement \u00e0 c\u00f4t\u00e9 de votre commentaire.<\/p>\n<hr \/>\n<h3>3. M\u00e9dias<\/h3>\n<p>Si vous t\u00e9l\u00e9versez des images sur notre site, nous vous conseillons d\u2019\u00e9viter d\u2019y inclure des donn\u00e9es de localisation (EXIF GPS). Les visiteurs du site peuvent t\u00e9l\u00e9charger et extraire ces donn\u00e9es de localisation \u00e0 partir des images publi\u00e9es sur le site.<\/p>\n<hr \/>\n<h3>4. Cookies<\/h3>\n<ul>\n<li><strong>Commentaires<\/strong> : Si vous laissez un commentaire sur notre site, vous pouvez choisir d\u2019enregistrer votre nom, votre adresse e-mail et votre site Web dans des cookies. Cela vise \u00e0 faciliter votre navigation, vous \u00e9vitant de ressaisir vos informations lors de votre prochain commentaire. Ces cookies expirent au bout d\u2019un an.<\/li>\n<li><strong>Page de connexion<\/strong> : Si vous visitez la page de connexion, nous cr\u00e9ons un cookie temporaire afin de d\u00e9terminer si votre navigateur accepte les cookies. Ce cookie ne contient aucune donn\u00e9e personnelle et il est supprim\u00e9 lorsque vous fermez votre navigateur.<\/li>\n<li><strong>Connexion<\/strong> : Lorsque vous vous connectez, nous mettons en place plusieurs cookies pour sauvegarder vos informations de connexion ainsi que vos pr\u00e9f\u00e9rences d\u2019affichage. Les cookies de connexion expirent au bout de deux jours ; les cookies d\u2019options d\u2019\u00e9cran expirent apr\u00e8s un an. Si vous cochez \u00ab Se souvenir de moi \u00bb, votre session restera active pendant deux semaines. Lorsque vous vous d\u00e9connectez, les cookies de connexion sont effac\u00e9s.<\/li>\n<li><strong>Modification \/ Publication d\u2019un article<\/strong> : Si vous \u00e9ditez ou publiez un article, un cookie suppl\u00e9mentaire sera enregistr\u00e9 dans votre navigateur. Il ne contient aucune donn\u00e9e personnelle et indique simplement l\u2019ID de l\u2019article que vous venez de modifier. Il expire au bout d\u2019un jour.<\/li>\n<\/ul>\n<hr \/>\n<h3>5. Contenu embarqu\u00e9 depuis d\u2019autres sites<\/h3>\n<p>Les articles de ce site peuvent inclure du contenu int\u00e9gr\u00e9 (p. ex. vid\u00e9os, images, articles, etc.). Ce contenu int\u00e9gr\u00e9 depuis d\u2019autres sites se comporte de la m\u00eame mani\u00e8re que si vous visitiez directement ces sites tiers.<br \/>\nCes sites Web peuvent donc collecter des donn\u00e9es vous concernant, utiliser des cookies, embarquer des outils de suivi tiers et suivre vos interactions avec ces contenus, y compris si vous poss\u00e9dez un compte et \u00eates connect\u00e9 sur leur site.<\/p>\n<hr \/>\n<h3>6. Avec qui partageons-nous vos donn\u00e9es ?<\/h3>\n<p>Si vous demandez une r\u00e9initialisation de mot de passe, votre adresse IP sera incluse dans l\u2019e-mail de r\u00e9initialisation.<\/p>\n<hr \/>\n<h3>7. Combien de temps conservons-nous vos donn\u00e9es ?<\/h3>\n<ul>\n<li><strong>Commentaires<\/strong> : Les commentaires et leurs m\u00e9tadonn\u00e9es sont conserv\u00e9s ind\u00e9finiment. Cela nous permet de reconna\u00eetre et valider automatiquement d\u2019\u00e9ventuels commentaires de suivi au lieu de les placer en file de mod\u00e9ration.<\/li>\n<li><strong>Utilisateurs enregistr\u00e9s<\/strong> : Pour les utilisateurs qui s\u2019inscrivent sur notre site (le cas \u00e9ch\u00e9ant), nous stockons \u00e9galement les informations personnelles indiqu\u00e9es dans leur profil. Tous les utilisateurs peuvent voir, modifier ou supprimer leurs informations personnelles \u00e0 tout moment (\u00e0 l\u2019exception de leur identifiant). Les administrateurs du site peuvent aussi consulter et modifier ces informations.<\/li>\n<\/ul>\n<hr \/>\n<h3>8. Quels sont vos droits sur vos donn\u00e9es ?<\/h3>\n<p>Si vous d\u00e9tenez un compte sur ce site ou si vous avez laiss\u00e9 des commentaires, vous pouvez nous demander de vous envoyer un fichier export\u00e9 des donn\u00e9es personnelles que nous poss\u00e9dons \u00e0 votre sujet, incluant toutes les donn\u00e9es que vous nous avez fournies. Vous pouvez \u00e9galement demander la suppression des donn\u00e9es personnelles vous concernant. Cela ne comprend pas les donn\u00e9es que nous sommes oblig\u00e9s de conserver \u00e0 des fins administratives, l\u00e9gales ou de s\u00e9curit\u00e9.<\/p>\n<p><a href=\"\/contact\"><strong>Page de contact\u00a0<\/strong><\/a><\/p>\n","protected":false},"excerpt":{"rendered":"<p>Politique de Confidentialit\u00e9 La protection de vos donn\u00e9es personnelles est au c\u0153ur de nos pr\u00e9occupations. Cette page d\u00e9crit les informations que nous recueillons, l\u2019usage que nous en faisons et vos&#8230;<\/p>\n","protected":false},"author":1,"featured_media":0,"parent":0,"menu_order":0,"comment_status":"closed","ping_status":"open","template":"","meta":{"iawp_total_views":0,"footnotes":""},"class_list":["post-3","page","type-page","status-publish","hentry"],"_links":{"self":[{"href":"https:\/\/supporters.fr\/blog\/wp-json\/wp\/v2\/pages\/3","targetHints":{"allow":["GET"]}}],"collection":[{"href":"https:\/\/supporters.fr\/blog\/wp-json\/wp\/v2\/pages"}],"about":[{"href":"https:\/\/supporters.fr\/blog\/wp-json\/wp\/v2\/types\/page"}],"author":[{"embeddable":true,"href":"https:\/\/supporters.fr\/blog\/wp-json\/wp\/v2\/users\/1"}],"replies":[{"embeddable":true,"href":"https:\/\/supporters.fr\/blog\/wp-json\/wp\/v2\/comments?post=3"}],"version-history":[{"count":0,"href":"https:\/\/supporters.fr\/blog\/wp-json\/wp\/v2\/pages\/3\/revisions"}],"wp:attachment":[{"href":"https:\/\/supporters.fr\/blog\/wp-json\/wp\/v2\/media?parent=3"}],"curies":[{"name":"wp","href":"https:\/\/api.w.org\/{rel}","templated":true}]}}